{"id":23,"date":"2018-07-16T12:41:28","date_gmt":"2018-07-16T12:41:28","guid":{"rendered":"https:\/\/www.elmiradordesantrocaya.es\/casa-rural-asturias\/?page_id=23"},"modified":"2025-09-23T14:53:08","modified_gmt":"2025-09-23T14:53:08","slug":"inicio-casa-rural-asturias-centro-interior-montana-naturaleza","status":"publish","type":"page","link":"https:\/\/www.elmiradordesantrocaya.es\/casa-rural-asturias\/","title":{"rendered":"Inicio casa rural Asturias centro interior monta\u00f1a naturaleza"},"content":{"rendered":"<p>[et_pb_section fb_built=\u00bb1&#8243; fullwidth=\u00bbon\u00bb module_class=\u00bbslider-home\u00bb _builder_version=\u00bb4.16&#8243; global_colors_info=\u00bb{}\u00bb][et_pb_fullwidth_code _builder_version=\u00bb4.27.4&#8243; custom_padding=\u00bb0px|||\u00bb hover_enabled=\u00bb0&#8243; global_colors_info=\u00bb{}\u00bb sticky_enabled=\u00bb0&#8243;]\n\t\t\t<!-- START casaruralasturias REVOLUTION SLIDER 6.7.35 --><p class=\"rs-p-wp-fix\"><\/p>\n\t\t\t<rs-module-wrap id=\"rev_slider_1_1_wrapper\" data-source=\"gallery\" style=\"visibility:hidden;background:transparent;padding:0;\">\n\t\t\t\t<rs-module id=\"rev_slider_1_1\" style=\"\" data-version=\"6.7.35\">\n\t\t\t\t\t<rs-slides style=\"overflow: hidden; position: absolute;\">\n\t\t\t\t\t\t<rs-slide style=\"position: absolute;\" data-key=\"rs-1\" data-title=\"Slide\" data-anim=\"adpr:false;\">\n\t\t\t\t\t\t\t<img decoding=\"async\" src=\"\/\/www.elmiradordesantrocaya.es\/casa-rural-asturias\/wp-content\/plugins\/revslider\/sr6\/assets\/assets\/dummy.png\" alt=\"\" title=\"Inicio casa rural Asturias centro interior monta\u00f1a naturaleza\" class=\"rev-slidebg tp-rs-img rs-lazyload\" data-lazyload=\"\/\/www.elmiradordesantrocaya.es\/casa-rural-asturias\/wp-content\/uploads\/2018\/08\/casa-rural-asturias-centro.jpg\" data-no-retina>\n<!--\n\t\t\t\t\t\t\t--><rs-layer\n\t\t\t\t\t\t\t\tid=\"slider-1-slide-1-layer-1\" \n\t\t\t\t\t\t\t\tdata-type=\"text\"\n\t\t\t\t\t\t\t\tdata-rsp_ch=\"on\"\n\t\t\t\t\t\t\t\tdata-xy=\"x:c;y:b,b,b,m;yo:200px,200px,200px,0;\"\n\t\t\t\t\t\t\t\tdata-text=\"w:nowrap,nowrap,nowrap,normal;s:60;l:22,22,22,50;a:center;\"\n\t\t\t\t\t\t\t\tdata-dim=\"w:1650px,1650px,1650px,500px;\"\n\t\t\t\t\t\t\t\tdata-padding=\"t:50;r:30;b:50;l:30;\"\n\t\t\t\t\t\t\t\tdata-frame_0=\"tp:600;\"\n\t\t\t\t\t\t\t\tdata-frame_1=\"tp:600;st:0;\"\n\t\t\t\t\t\t\t\tdata-frame_999=\"o:0;tp:600;st:w;sR:3700;\"\n\t\t\t\t\t\t\t\tstyle=\"z-index:5;background-color:rgba(0,0,0,0.5);font-family:'Playball';\"\n\t\t\t\t\t\t\t>Una casa rural de ensue\u00f1o en el para\u00edso asturiano \n\t\t\t\t\t\t\t<\/rs-layer><!--\n-->\t\t\t\t\t<\/rs-slide>\n\t\t\t\t\t\t<rs-slide style=\"position: absolute;\" data-key=\"rs-2\" data-title=\"Slide\" data-anim=\"adpr:false;\">\n\t\t\t\t\t\t\t<img decoding=\"async\" src=\"\/\/www.elmiradordesantrocaya.es\/casa-rural-asturias\/wp-content\/plugins\/revslider\/sr6\/assets\/assets\/dummy.png\" alt=\"\" title=\"Inicio casa rural Asturias centro interior monta\u00f1a naturaleza\" class=\"rev-slidebg tp-rs-img rs-lazyload\" data-lazyload=\"\/\/www.elmiradordesantrocaya.es\/casa-rural-asturias\/wp-content\/uploads\/2018\/08\/asturias-casa-rural-paisaje.jpg\" data-no-retina>\n<!--\n\t\t\t\t\t\t\t--><rs-layer\n\t\t\t\t\t\t\t\tid=\"slider-1-slide-2-layer-1\" \n\t\t\t\t\t\t\t\tdata-type=\"text\"\n\t\t\t\t\t\t\t\tdata-rsp_ch=\"on\"\n\t\t\t\t\t\t\t\tdata-xy=\"x:c;y:b,b,b,m;yo:200px,200px,200px,0;\"\n\t\t\t\t\t\t\t\tdata-text=\"w:normal;s:60;l:60,60,60,50;a:center;\"\n\t\t\t\t\t\t\t\tdata-dim=\"w:1650px,1650px,1650px,500px;\"\n\t\t\t\t\t\t\t\tdata-padding=\"t:50;r:30;b:50;l:30;\"\n\t\t\t\t\t\t\t\tdata-frame_0=\"tp:600;\"\n\t\t\t\t\t\t\t\tdata-frame_1=\"tp:600;st:0;\"\n\t\t\t\t\t\t\t\tdata-frame_999=\"o:0;tp:600;st:w;sR:3700;\"\n\t\t\t\t\t\t\t\tstyle=\"z-index:5;background-color:rgba(0,0,0,0.5);font-family:'Playball';\"\n\t\t\t\t\t\t\t>Una casa rural completa, con todas las comodidades,  en uno de los valles m\u00e1s espectaculares y desconocidos de Asturias, el valle de Quir\u00f3s. \n\t\t\t\t\t\t\t<\/rs-layer><!--\n-->\t\t\t\t\t<\/rs-slide>\n\t\t\t\t\t\t<rs-slide style=\"position: absolute;\" data-key=\"rs-3\" data-title=\"Slide\" data-anim=\"adpr:false;\">\n\t\t\t\t\t\t\t<img decoding=\"async\" src=\"\/\/www.elmiradordesantrocaya.es\/casa-rural-asturias\/wp-content\/plugins\/revslider\/sr6\/assets\/assets\/dummy.png\" alt=\"\" title=\"Inicio casa rural Asturias centro interior monta\u00f1a naturaleza\" class=\"rev-slidebg tp-rs-img rs-lazyload\" data-lazyload=\"\/\/www.elmiradordesantrocaya.es\/casa-rural-asturias\/wp-content\/uploads\/2018\/08\/casa-rural-en-asturias-central.jpg\" data-no-retina>\n<!--\n\t\t\t\t\t\t\t--><rs-layer\n\t\t\t\t\t\t\t\tid=\"slider-1-slide-3-layer-1\" \n\t\t\t\t\t\t\t\tdata-type=\"text\"\n\t\t\t\t\t\t\t\tdata-rsp_ch=\"on\"\n\t\t\t\t\t\t\t\tdata-xy=\"x:c;y:b,b,b,m;yo:200px,200px,200px,0;\"\n\t\t\t\t\t\t\t\tdata-text=\"w:normal;s:60;l:60,60,60,50;a:center;\"\n\t\t\t\t\t\t\t\tdata-dim=\"w:1650px,1650px,1650px,500px;\"\n\t\t\t\t\t\t\t\tdata-padding=\"t:50;r:30;b:50;l:30;\"\n\t\t\t\t\t\t\t\tdata-frame_0=\"tp:600;\"\n\t\t\t\t\t\t\t\tdata-frame_1=\"tp:600;st:0;\"\n\t\t\t\t\t\t\t\tdata-frame_999=\"o:0;tp:600;st:w;sR:3700;\"\n\t\t\t\t\t\t\t\tstyle=\"z-index:5;background-color:rgba(0,0,0,0.5);font-family:'Playball';\"\n\t\t\t\t\t\t\t>El Mirador de Santrocaya es una casa rural de alquiler \u00edntegro, que combina tradici\u00f3n con modernidad y comodidad.  \n\t\t\t\t\t\t\t<\/rs-layer><!--\n-->\t\t\t\t\t<\/rs-slide>\n\t\t\t\t\t\t<rs-slide style=\"position: absolute;\" data-key=\"rs-4\" data-title=\"Slide\" data-anim=\"adpr:false;\">\n\t\t\t\t\t\t\t<img decoding=\"async\" src=\"\/\/www.elmiradordesantrocaya.es\/casa-rural-asturias\/wp-content\/plugins\/revslider\/sr6\/assets\/assets\/dummy.png\" alt=\"\" title=\"Inicio casa rural Asturias centro interior monta\u00f1a naturaleza\" class=\"rev-slidebg tp-rs-img rs-lazyload\" data-lazyload=\"\/\/www.elmiradordesantrocaya.es\/casa-rural-asturias\/wp-content\/uploads\/2018\/08\/asturias-centro-casa-rural.jpg\" data-no-retina>\n<!--\n\t\t\t\t\t\t\t--><rs-layer\n\t\t\t\t\t\t\t\tid=\"slider-1-slide-4-layer-1\" \n\t\t\t\t\t\t\t\tdata-type=\"text\"\n\t\t\t\t\t\t\t\tdata-rsp_ch=\"on\"\n\t\t\t\t\t\t\t\tdata-xy=\"x:c;y:b,b,b,m;yo:200px,200px,200px,0;\"\n\t\t\t\t\t\t\t\tdata-text=\"w:normal;s:60;l:60,60,60,50;a:center;\"\n\t\t\t\t\t\t\t\tdata-dim=\"w:1650px,1650px,1650px,500px;\"\n\t\t\t\t\t\t\t\tdata-padding=\"t:50;r:30;b:50;l:30;\"\n\t\t\t\t\t\t\t\tdata-frame_0=\"tp:600;\"\n\t\t\t\t\t\t\t\tdata-frame_1=\"tp:600;st:0;\"\n\t\t\t\t\t\t\t\tdata-frame_999=\"o:0;tp:600;st:w;sR:3700;\"\n\t\t\t\t\t\t\t\tstyle=\"z-index:5;background-color:rgba(0,0,0,0.5);font-family:'Playball';\"\n\t\t\t\t\t\t\t>La casa est\u00e1 situada en el valle de Quir\u00f3s, en pleno Parque Natural de Las Ubi\u00f1as-La Mesa, declarado Reserva de la Biosfera por la Unesco. \n\t\t\t\t\t\t\t<\/rs-layer><!--\n-->\t\t\t\t\t<\/rs-slide>\n\t\t\t\t\t\t<rs-slide style=\"position: absolute;\" data-key=\"rs-5\" data-title=\"Slide\" data-anim=\"adpr:false;\">\n\t\t\t\t\t\t\t<img decoding=\"async\" src=\"\/\/www.elmiradordesantrocaya.es\/casa-rural-asturias\/wp-content\/plugins\/revslider\/sr6\/assets\/assets\/dummy.png\" alt=\"\" title=\"Inicio casa rural Asturias centro interior monta\u00f1a naturaleza\" class=\"rev-slidebg tp-rs-img rs-lazyload\" data-lazyload=\"\/\/www.elmiradordesantrocaya.es\/casa-rural-asturias\/wp-content\/uploads\/2018\/08\/casa-rural-terraza-asturias.jpg\" data-no-retina>\n<!---->\t\t\t\t\t<\/rs-slide>\n\t\t\t\t\t<\/rs-slides>\n\t\t\t\t<\/rs-module>\n\t\t\t\t<script>\n\t\t\t\t\tsetREVStartSize({c: 'rev_slider_1_1',rl:[1240,1240,1240,480],el:[],gw:[1920,1920,1920,600],gh:[1440,1440,1440,900],type:'standard',justify:'',layout:'fullscreen',offsetContainer:'',offset:'',mh:\"0\"});if (window.RS_MODULES!==undefined && window.RS_MODULES.modules!==undefined && window.RS_MODULES.modules[\"revslider11\"]!==undefined) {window.RS_MODULES.modules[\"revslider11\"].once = false;window.revapi1 = undefined;if (window.RS_MODULES.checkMinimal!==undefined) window.RS_MODULES.checkMinimal()}\n\t\t\t\t<\/script>\n\t\t\t<\/rs-module-wrap>\n\t\t\t<!-- END REVOLUTION SLIDER -->\n[\/et_pb_fullwidth_code][\/et_pb_section]<\/p>\n","protected":false},"excerpt":{"rendered":"\n\t\t\t<!-- START casaruralasturias REVOLUTION SLIDER 6.7.35 --><p class=\"rs-p-wp-fix\"><\/p>\n\t\t\t<rs-module-wrap id=\"rev_slider_1_2_wrapper\" data-source=\"gallery\" style=\"visibility:hidden;background:transparent;padding:0;\">\n\t\t\t\t<rs-module id=\"rev_slider_1_2\" style=\"\" data-version=\"6.7.35\">\n\t\t\t\t\t<rs-slides style=\"overflow: hidden; position: absolute;\">\n\t\t\t\t\t\t<rs-slide style=\"position: absolute;\" data-key=\"rs-1\" data-title=\"Slide\" data-anim=\"adpr:false;\">\n\t\t\t\t\t\t\t<img decoding=\"async\" src=\"\/\/www.elmiradordesantrocaya.es\/casa-rural-asturias\/wp-content\/plugins\/revslider\/sr6\/assets\/assets\/dummy.png\" alt=\"\" title=\"Inicio casa rural Asturias centro interior monta\u00f1a naturaleza\" class=\"rev-slidebg tp-rs-img rs-lazyload\" data-lazyload=\"\/\/www.elmiradordesantrocaya.es\/casa-rural-asturias\/wp-content\/uploads\/2018\/08\/casa-rural-asturias-centro.jpg\" data-no-retina>\n<!--\n\t\t\t\t\t\t\t--><rs-layer\n\t\t\t\t\t\t\t\tid=\"slider-1-slide-1-layer-1\" \n\t\t\t\t\t\t\t\tdata-type=\"text\"\n\t\t\t\t\t\t\t\tdata-rsp_ch=\"on\"\n\t\t\t\t\t\t\t\tdata-xy=\"x:c;y:b,b,b,m;yo:200px,200px,200px,0;\"\n\t\t\t\t\t\t\t\tdata-text=\"w:nowrap,nowrap,nowrap,normal;s:60;l:22,22,22,50;a:center;\"\n\t\t\t\t\t\t\t\tdata-dim=\"w:1650px,1650px,1650px,500px;\"\n\t\t\t\t\t\t\t\tdata-padding=\"t:50;r:30;b:50;l:30;\"\n\t\t\t\t\t\t\t\tdata-frame_0=\"tp:600;\"\n\t\t\t\t\t\t\t\tdata-frame_1=\"tp:600;st:0;\"\n\t\t\t\t\t\t\t\tdata-frame_999=\"o:0;tp:600;st:w;sR:3700;\"\n\t\t\t\t\t\t\t\tstyle=\"z-index:5;background-color:rgba(0,0,0,0.5);font-family:'Playball';\"\n\t\t\t\t\t\t\t>Una casa rural de ensue\u00f1o en el para\u00edso asturiano \n\t\t\t\t\t\t\t<\/rs-layer><!--\n-->\t\t\t\t\t<\/rs-slide>\n\t\t\t\t\t\t<rs-slide style=\"position: absolute;\" data-key=\"rs-2\" data-title=\"Slide\" data-anim=\"adpr:false;\">\n\t\t\t\t\t\t\t<img decoding=\"async\" src=\"\/\/www.elmiradordesantrocaya.es\/casa-rural-asturias\/wp-content\/plugins\/revslider\/sr6\/assets\/assets\/dummy.png\" alt=\"\" title=\"Inicio casa rural Asturias centro interior monta\u00f1a naturaleza\" class=\"rev-slidebg tp-rs-img rs-lazyload\" data-lazyload=\"\/\/www.elmiradordesantrocaya.es\/casa-rural-asturias\/wp-content\/uploads\/2018\/08\/asturias-casa-rural-paisaje.jpg\" data-no-retina>\n<!--\n\t\t\t\t\t\t\t--><rs-layer\n\t\t\t\t\t\t\t\tid=\"slider-1-slide-2-layer-1\" \n\t\t\t\t\t\t\t\tdata-type=\"text\"\n\t\t\t\t\t\t\t\tdata-rsp_ch=\"on\"\n\t\t\t\t\t\t\t\tdata-xy=\"x:c;y:b,b,b,m;yo:200px,200px,200px,0;\"\n\t\t\t\t\t\t\t\tdata-text=\"w:normal;s:60;l:60,60,60,50;a:center;\"\n\t\t\t\t\t\t\t\tdata-dim=\"w:1650px,1650px,1650px,500px;\"\n\t\t\t\t\t\t\t\tdata-padding=\"t:50;r:30;b:50;l:30;\"\n\t\t\t\t\t\t\t\tdata-frame_0=\"tp:600;\"\n\t\t\t\t\t\t\t\tdata-frame_1=\"tp:600;st:0;\"\n\t\t\t\t\t\t\t\tdata-frame_999=\"o:0;tp:600;st:w;sR:3700;\"\n\t\t\t\t\t\t\t\tstyle=\"z-index:5;background-color:rgba(0,0,0,0.5);font-family:'Playball';\"\n\t\t\t\t\t\t\t>Una casa rural completa, con todas las comodidades,  en uno de los valles m\u00e1s espectaculares y desconocidos de Asturias, el valle de Quir\u00f3s. \n\t\t\t\t\t\t\t<\/rs-layer><!--\n-->\t\t\t\t\t<\/rs-slide>\n\t\t\t\t\t\t<rs-slide style=\"position: absolute;\" data-key=\"rs-3\" data-title=\"Slide\" data-anim=\"adpr:false;\">\n\t\t\t\t\t\t\t<img decoding=\"async\" src=\"\/\/www.elmiradordesantrocaya.es\/casa-rural-asturias\/wp-content\/plugins\/revslider\/sr6\/assets\/assets\/dummy.png\" alt=\"\" title=\"Inicio casa rural Asturias centro interior monta\u00f1a naturaleza\" class=\"rev-slidebg tp-rs-img rs-lazyload\" data-lazyload=\"\/\/www.elmiradordesantrocaya.es\/casa-rural-asturias\/wp-content\/uploads\/2018\/08\/casa-rural-en-asturias-central.jpg\" data-no-retina>\n<!--\n\t\t\t\t\t\t\t--><rs-layer\n\t\t\t\t\t\t\t\tid=\"slider-1-slide-3-layer-1\" \n\t\t\t\t\t\t\t\tdata-type=\"text\"\n\t\t\t\t\t\t\t\tdata-rsp_ch=\"on\"\n\t\t\t\t\t\t\t\tdata-xy=\"x:c;y:b,b,b,m;yo:200px,200px,200px,0;\"\n\t\t\t\t\t\t\t\tdata-text=\"w:normal;s:60;l:60,60,60,50;a:center;\"\n\t\t\t\t\t\t\t\tdata-dim=\"w:1650px,1650px,1650px,500px;\"\n\t\t\t\t\t\t\t\tdata-padding=\"t:50;r:30;b:50;l:30;\"\n\t\t\t\t\t\t\t\tdata-frame_0=\"tp:600;\"\n\t\t\t\t\t\t\t\tdata-frame_1=\"tp:600;st:0;\"\n\t\t\t\t\t\t\t\tdata-frame_999=\"o:0;tp:600;st:w;sR:3700;\"\n\t\t\t\t\t\t\t\tstyle=\"z-index:5;background-color:rgba(0,0,0,0.5);font-family:'Playball';\"\n\t\t\t\t\t\t\t>El Mirador de Santrocaya es una casa rural de alquiler \u00edntegro, que combina tradici\u00f3n con modernidad y comodidad.  \n\t\t\t\t\t\t\t<\/rs-layer><!--\n-->\t\t\t\t\t<\/rs-slide>\n\t\t\t\t\t\t<rs-slide style=\"position: absolute;\" data-key=\"rs-4\" data-title=\"Slide\" data-anim=\"adpr:false;\">\n\t\t\t\t\t\t\t<img decoding=\"async\" src=\"\/\/www.elmiradordesantrocaya.es\/casa-rural-asturias\/wp-content\/plugins\/revslider\/sr6\/assets\/assets\/dummy.png\" alt=\"\" title=\"Inicio casa rural Asturias centro interior monta\u00f1a naturaleza\" class=\"rev-slidebg tp-rs-img rs-lazyload\" data-lazyload=\"\/\/www.elmiradordesantrocaya.es\/casa-rural-asturias\/wp-content\/uploads\/2018\/08\/asturias-centro-casa-rural.jpg\" data-no-retina>\n<!--\n\t\t\t\t\t\t\t--><rs-layer\n\t\t\t\t\t\t\t\tid=\"slider-1-slide-4-layer-1\" \n\t\t\t\t\t\t\t\tdata-type=\"text\"\n\t\t\t\t\t\t\t\tdata-rsp_ch=\"on\"\n\t\t\t\t\t\t\t\tdata-xy=\"x:c;y:b,b,b,m;yo:200px,200px,200px,0;\"\n\t\t\t\t\t\t\t\tdata-text=\"w:normal;s:60;l:60,60,60,50;a:center;\"\n\t\t\t\t\t\t\t\tdata-dim=\"w:1650px,1650px,1650px,500px;\"\n\t\t\t\t\t\t\t\tdata-padding=\"t:50;r:30;b:50;l:30;\"\n\t\t\t\t\t\t\t\tdata-frame_0=\"tp:600;\"\n\t\t\t\t\t\t\t\tdata-frame_1=\"tp:600;st:0;\"\n\t\t\t\t\t\t\t\tdata-frame_999=\"o:0;tp:600;st:w;sR:3700;\"\n\t\t\t\t\t\t\t\tstyle=\"z-index:5;background-color:rgba(0,0,0,0.5);font-family:'Playball';\"\n\t\t\t\t\t\t\t>La casa est\u00e1 situada en el valle de Quir\u00f3s, en pleno Parque Natural de Las Ubi\u00f1as-La Mesa, declarado Reserva de la Biosfera por la Unesco. \n\t\t\t\t\t\t\t<\/rs-layer><!--\n-->\t\t\t\t\t<\/rs-slide>\n\t\t\t\t\t\t<rs-slide style=\"position: absolute;\" data-key=\"rs-5\" data-title=\"Slide\" data-anim=\"adpr:false;\">\n\t\t\t\t\t\t\t<img decoding=\"async\" src=\"\/\/www.elmiradordesantrocaya.es\/casa-rural-asturias\/wp-content\/plugins\/revslider\/sr6\/assets\/assets\/dummy.png\" alt=\"\" title=\"Inicio casa rural Asturias centro interior monta\u00f1a naturaleza\" class=\"rev-slidebg tp-rs-img rs-lazyload\" data-lazyload=\"\/\/www.elmiradordesantrocaya.es\/casa-rural-asturias\/wp-content\/uploads\/2018\/08\/casa-rural-terraza-asturias.jpg\" data-no-retina>\n<!---->\t\t\t\t\t<\/rs-slide>\n\t\t\t\t\t<\/rs-slides>\n\t\t\t\t<\/rs-module>\n\t\t\t\t<script>\n\t\t\t\t\tsetREVStartSize({c: 'rev_slider_1_2',rl:[1240,1240,1240,480],el:[],gw:[1920,1920,1920,600],gh:[1440,1440,1440,900],type:'standard',justify:'',layout:'fullscreen',offsetContainer:'',offset:'',mh:\"0\"});if (window.RS_MODULES!==undefined && window.RS_MODULES.modules!==undefined && window.RS_MODULES.modules[\"revslider12\"]!==undefined) {window.RS_MODULES.modules[\"revslider12\"].once = false;window.revapi1_2 = undefined;if (window.RS_MODULES.checkMinimal!==undefined) window.RS_MODULES.checkMinimal()}\n\t\t\t\t<\/script>\n\t\t\t<\/rs-module-wrap>\n\t\t\t<!-- END REVOLUTION SLIDER -->\n\n","protected":false},"author":1,"featured_media":0,"parent":0,"menu_order":0,"comment_status":"closed","ping_status":"closed","template":"","meta":{"_et_pb_use_builder":"on","_et_pb_old_content":"","_et_gb_content_width":"","footnotes":""},"class_list":["post-23","page","type-page","status-publish","hentry"],"_links":{"self":[{"href":"https:\/\/www.elmiradordesantrocaya.es\/casa-rural-asturias\/wp-json\/wp\/v2\/pages\/23","targetHints":{"allow":["GET"]}}],"collection":[{"href":"https:\/\/www.elmiradordesantrocaya.es\/casa-rural-asturias\/wp-json\/wp\/v2\/pages"}],"about":[{"href":"https:\/\/www.elmiradordesantrocaya.es\/casa-rural-asturias\/wp-json\/wp\/v2\/types\/page"}],"author":[{"embeddable":true,"href":"https:\/\/www.elmiradordesantrocaya.es\/casa-rural-asturias\/wp-json\/wp\/v2\/users\/1"}],"replies":[{"embeddable":true,"href":"https:\/\/www.elmiradordesantrocaya.es\/casa-rural-asturias\/wp-json\/wp\/v2\/comments?post=23"}],"version-history":[{"count":127,"href":"https:\/\/www.elmiradordesantrocaya.es\/casa-rural-asturias\/wp-json\/wp\/v2\/pages\/23\/revisions"}],"predecessor-version":[{"id":1708,"href":"https:\/\/www.elmiradordesantrocaya.es\/casa-rural-asturias\/wp-json\/wp\/v2\/pages\/23\/revisions\/1708"}],"wp:attachment":[{"href":"https:\/\/www.elmiradordesantrocaya.es\/casa-rural-asturias\/wp-json\/wp\/v2\/media?parent=23"}],"curies":[{"name":"wp","href":"https:\/\/api.w.org\/{rel}","templated":true}]}}