{"id":14,"date":"2018-07-16T12:38:10","date_gmt":"2018-07-16T12:38:10","guid":{"rendered":"https:\/\/www.elmiradordesantrocaya.es\/casa-rural-asturias\/?page_id=14"},"modified":"2025-09-23T15:08:06","modified_gmt":"2025-09-23T15:08:06","slug":"donde-comer-casa-rural-asturias","status":"publish","type":"page","link":"https:\/\/www.elmiradordesantrocaya.es\/casa-rural-asturias\/donde-comer-casa-rural-asturias\/","title":{"rendered":"D\u00f3nde comer"},"content":{"rendered":"<p>[et_pb_section fb_built=\u00bb1&#8243; fullwidth=\u00bbon\u00bb _builder_version=\u00bb4.16&#8243; background_image=\u00bbhttps:\/\/www.elmiradordesantrocaya.es\/casa-rural-asturias\/wp-content\/uploads\/2018\/09\/donde-comer-asturias-casa-rural.jpg\u00bb parallax=\u00bbon\u00bb parallax_method=\u00bboff\u00bb global_colors_info=\u00bb{}\u00bb][et_pb_fullwidth_header header_fullscreen=\u00bbon\u00bb _builder_version=\u00bb4.16&#8243; title_font=\u00bb|300|||||||\u00bb title_font_size=\u00bb40px\u00bb subhead_font_size=\u00bb17px\u00bb background_color=\u00bbrgba(0,0,0,0.25)\u00bb background_size=\u00bbinitial\u00bb background_position=\u00bbtop_left\u00bb background_repeat=\u00bbrepeat\u00bb custom_css_title=\u00bbpadding:50px 0px 5px 0px;\u00bb global_colors_info=\u00bb{}\u00bb button_one_text_size__hover_enabled=\u00bboff\u00bb button_two_text_size__hover_enabled=\u00bboff\u00bb button_one_text_color__hover_enabled=\u00bboff\u00bb button_two_text_color__hover_enabled=\u00bboff\u00bb button_one_border_width__hover_enabled=\u00bboff\u00bb button_two_border_width__hover_enabled=\u00bboff\u00bb button_one_border_color__hover_enabled=\u00bboff\u00bb button_two_border_color__hover_enabled=\u00bboff\u00bb button_one_border_radius__hover_enabled=\u00bboff\u00bb button_two_border_radius__hover_enabled=\u00bboff\u00bb button_one_letter_spacing__hover_enabled=\u00bboff\u00bb button_two_letter_spacing__hover_enabled=\u00bboff\u00bb button_one_bg_color__hover_enabled=\u00bboff\u00bb button_two_bg_color__hover_enabled=\u00bboff\u00bb][\/et_pb_fullwidth_header][\/et_pb_section][et_pb_section fb_built=\u00bb1&#8243; _builder_version=\u00bb4.16&#8243; background_color=\u00bb#eeeeee\u00bb global_colors_info=\u00bb{}\u00bb][et_pb_row _builder_version=\u00bb4.16&#8243; background_size=\u00bbinitial\u00bb background_position=\u00bbtop_left\u00bb background_repeat=\u00bbrepeat\u00bb global_colors_info=\u00bb{}\u00bb][et_pb_column type=\u00bb4_4&#8243; _builder_version=\u00bb4.16&#8243; custom_padding=\u00bb|||\u00bb global_colors_info=\u00bb{}\u00bb custom_padding__hover=\u00bb|||\u00bb][et_pb_text _builder_version=\u00bb4.27.4&#8243; header_font=\u00bb||||||||\u00bb header_3_font=\u00bb||||||||\u00bb header_3_line_height=\u00bb1.2em\u00bb hover_enabled=\u00bb0&#8243; global_colors_info=\u00bb{}\u00bb sticky_enabled=\u00bb0&#8243;]<\/p>\n<h1 style=\"text-align: center;\"><span style=\"color: #9b1b30;\">D\u00f3nde comer<\/span><\/h1>\n<h3 style=\"text-align: center;\">El Valle de Quir\u00f3s ofrece diversas opciones para comer, donde se puede disfrutar de la <strong>gastronom\u00eda t\u00edpica asturiana<\/strong>.<\/h3>\n<h3 style=\"text-align: center;\">En\u00a0<strong>B\u00e1rzana<\/strong>, la capital del Concejo, se encuentra\u00a0<strong>Casa Jamallo<\/strong>, restaurante de larga tradici\u00f3n donde se puede degustar\u00a0<b>comida <\/b><b><span>t\u00edpica asturiana<\/span><\/b><strong><\/strong>. Tambi\u00e9n en B\u00e1rzana tenemos el\u00a0restaurante<strong> <span>El Teixo <\/span><\/strong><b><span>con bue<\/span><\/b><b><span>na comida casera<\/span><\/b><strong><\/strong>.<\/h3>\n<h3 style=\"text-align: center;\">A las afueras, en\u00a0<strong>Santa Marina<\/strong>, nos encontramos con\u00a0<span style=\"font-weight: normal !msorm;\"><strong><span>Los Garrafes<\/span><\/strong><\/span><strong><\/strong>, un chigre (taberna t\u00edpica asturiana) <span>acogedor <\/span>donde <span>poder <\/span><span>comer y beber <\/span><b>al lado del r\u00edo<\/b>.<\/h3>\n<h3 style=\"text-align: center;\"><span>Llegando al Embalse de Valdemurio nos encontramos con <span style=\"font-weight: normal !msorm;\"><strong>La Pontiga<\/strong><\/span><\/span><span>, que cuenta con la mej<\/span><span>or parrilla antes de llegar a Oviedo. Y ya en las Ag\u00fceras, <\/span><span style=\"font-weight: normal !msorm;\"><strong><span>La Pimpana<\/span><\/strong><\/span><span> otro chigre<\/span><span>-tienda con carta reducida pero <\/span><span>gran sabor asturiano<\/span><strong><\/strong>.<\/h3>\n<h3 style=\"text-align: center;\">Por \u00faltimo, en\u00a0<strong>Pedroveya<\/strong>, uno de los pueblos m\u00e1s alejados del Concejo de Quir\u00f3s, podemos comer en\u00a0<strong>Casa Generosa<\/strong>, donde el tama\u00f1o de las\u00a0<b>raciones<\/b>\u00a0hace honor al nombre de<span>l restaurante<\/span>.<\/h3>\n<p>[\/et_pb_text][\/et_pb_column][\/et_pb_row][\/et_pb_section][et_pb_section fb_built=\u00bb1&#8243; prev_background_color=\u00bb#eeeeee\u00bb _builder_version=\u00bb4.16&#8243; background_color=\u00bbrgba(155,27,48,0.15)\u00bb custom_padding=\u00bb120px|||\u00bb top_divider_style=\u00bbwave2&#8243; global_colors_info=\u00bb{}\u00bb][et_pb_row use_custom_gutter=\u00bbon\u00bb gutter_width=\u00bb2&#8243; _builder_version=\u00bb4.16&#8243; background_size=\u00bbinitial\u00bb background_position=\u00bbtop_left\u00bb background_repeat=\u00bbrepeat\u00bb global_colors_info=\u00bb{}\u00bb column_structure=\u00bb1_2,1_2&#8243;][et_pb_column type=\u00bb1_2&#8243; _builder_version=\u00bb4.16&#8243; custom_padding=\u00bb|||\u00bb global_colors_info=\u00bb{}\u00bb custom_padding__hover=\u00bb|||\u00bb][et_pb_image src=\u00bbhttps:\/\/www.elmiradordesantrocaya.es\/casa-rural-asturias\/wp-content\/uploads\/2018\/07\/comida-restaurantes-asturias-interior.jpg\u00bb align_tablet=\u00bbcenter\u00bb align_last_edited=\u00bbon|desktop\u00bb _builder_version=\u00bb4.16&#8243; global_colors_info=\u00bb{}\u00bb align_phone=\u00bbcenter\u00bb][\/et_pb_image][\/et_pb_column][et_pb_column type=\u00bb1_2&#8243; _builder_version=\u00bb4.16&#8243; custom_padding=\u00bb|||\u00bb global_colors_info=\u00bb{}\u00bb custom_padding__hover=\u00bb|||\u00bb][et_pb_gallery gallery_ids=\u00bb907,908&#8243; show_title_and_caption=\u00bboff\u00bb show_pagination=\u00bboff\u00bb hover_overlay_color=\u00bbrgba(155,27,48,0.5)\u00bb hover_icon=\u00bb&#xe042;||divi||400&#8243; _builder_version=\u00bb4.16&#8243; global_colors_info=\u00bb{}\u00bb][\/et_pb_gallery][\/et_pb_column][\/et_pb_row][\/et_pb_section]<\/p>\n","protected":false},"excerpt":{"rendered":"<p>D\u00f3nde comer El Valle de Quir\u00f3s ofrece diversas opciones para comer, donde se puede disfrutar de la gastronom\u00eda t\u00edpica asturiana. En\u00a0B\u00e1rzana, la capital del Concejo, se encuentra\u00a0Casa Jamallo, restaurante de larga tradici\u00f3n donde se puede degustar\u00a0comida t\u00edpica asturiana. Tambi\u00e9n en B\u00e1rzana tenemos el\u00a0restaurante El Teixo con buena comida casera. A las afueras, en\u00a0Santa Marina, nos [&hellip;]<\/p>\n","protected":false},"author":1,"featured_media":0,"parent":0,"menu_order":0,"comment_status":"closed","ping_status":"closed","template":"","meta":{"_et_pb_use_builder":"on","_et_pb_old_content":"","_et_gb_content_width":"","footnotes":""},"class_list":["post-14","page","type-page","status-publish","hentry"],"_links":{"self":[{"href":"https:\/\/www.elmiradordesantrocaya.es\/casa-rural-asturias\/wp-json\/wp\/v2\/pages\/14","targetHints":{"allow":["GET"]}}],"collection":[{"href":"https:\/\/www.elmiradordesantrocaya.es\/casa-rural-asturias\/wp-json\/wp\/v2\/pages"}],"about":[{"href":"https:\/\/www.elmiradordesantrocaya.es\/casa-rural-asturias\/wp-json\/wp\/v2\/types\/page"}],"author":[{"embeddable":true,"href":"https:\/\/www.elmiradordesantrocaya.es\/casa-rural-asturias\/wp-json\/wp\/v2\/users\/1"}],"replies":[{"embeddable":true,"href":"https:\/\/www.elmiradordesantrocaya.es\/casa-rural-asturias\/wp-json\/wp\/v2\/comments?post=14"}],"version-history":[{"count":46,"href":"https:\/\/www.elmiradordesantrocaya.es\/casa-rural-asturias\/wp-json\/wp\/v2\/pages\/14\/revisions"}],"predecessor-version":[{"id":1716,"href":"https:\/\/www.elmiradordesantrocaya.es\/casa-rural-asturias\/wp-json\/wp\/v2\/pages\/14\/revisions\/1716"}],"wp:attachment":[{"href":"https:\/\/www.elmiradordesantrocaya.es\/casa-rural-asturias\/wp-json\/wp\/v2\/media?parent=14"}],"curies":[{"name":"wp","href":"https:\/\/api.w.org\/{rel}","templated":true}]}}