{"id":13,"date":"2018-07-16T12:37:57","date_gmt":"2018-07-16T12:37:57","guid":{"rendered":"https:\/\/www.elmiradordesantrocaya.es\/casa-rural-asturias\/?page_id=13"},"modified":"2025-09-23T15:02:47","modified_gmt":"2025-09-23T15:02:47","slug":"que-hacer-casa-rural-asturias","status":"publish","type":"page","link":"https:\/\/www.elmiradordesantrocaya.es\/casa-rural-asturias\/que-hacer-casa-rural-asturias\/","title":{"rendered":"Qu\u00e9 hacer"},"content":{"rendered":"<p>[et_pb_section fb_built=\u00bb1&#8243; fullwidth=\u00bbon\u00bb _builder_version=\u00bb4.16&#8243; background_image=\u00bbhttps:\/\/www.elmiradordesantrocaya.es\/casa-rural-asturias\/wp-content\/uploads\/2018\/08\/que-hacer-asturas-casa-rural.jpg\u00bb parallax=\u00bbon\u00bb parallax_method=\u00bboff\u00bb global_colors_info=\u00bb{}\u00bb][et_pb_fullwidth_header header_fullscreen=\u00bbon\u00bb _builder_version=\u00bb4.16&#8243; title_font=\u00bb|300|||||||\u00bb title_font_size=\u00bb40px\u00bb subhead_font_size=\u00bb17px\u00bb background_color=\u00bbrgba(0,0,0,0.25)\u00bb background_size=\u00bbinitial\u00bb background_position=\u00bbtop_left\u00bb background_repeat=\u00bbrepeat\u00bb custom_css_title=\u00bbpadding:50px 0px 5px 0px;\u00bb global_colors_info=\u00bb{}\u00bb button_one_text_size__hover_enabled=\u00bboff\u00bb button_two_text_size__hover_enabled=\u00bboff\u00bb button_one_text_color__hover_enabled=\u00bboff\u00bb button_two_text_color__hover_enabled=\u00bboff\u00bb button_one_border_width__hover_enabled=\u00bboff\u00bb button_two_border_width__hover_enabled=\u00bboff\u00bb button_one_border_color__hover_enabled=\u00bboff\u00bb button_two_border_color__hover_enabled=\u00bboff\u00bb button_one_border_radius__hover_enabled=\u00bboff\u00bb button_two_border_radius__hover_enabled=\u00bboff\u00bb button_one_letter_spacing__hover_enabled=\u00bboff\u00bb button_two_letter_spacing__hover_enabled=\u00bboff\u00bb button_one_bg_color__hover_enabled=\u00bboff\u00bb button_two_bg_color__hover_enabled=\u00bboff\u00bb][\/et_pb_fullwidth_header][\/et_pb_section][et_pb_section fb_built=\u00bb1&#8243; _builder_version=\u00bb4.16&#8243; background_color=\u00bb#eeeeee\u00bb global_colors_info=\u00bb{}\u00bb][et_pb_row _builder_version=\u00bb4.16&#8243; background_size=\u00bbinitial\u00bb background_position=\u00bbtop_left\u00bb background_repeat=\u00bbrepeat\u00bb global_colors_info=\u00bb{}\u00bb][et_pb_column type=\u00bb4_4&#8243; _builder_version=\u00bb4.16&#8243; custom_padding=\u00bb|||\u00bb global_colors_info=\u00bb{}\u00bb custom_padding__hover=\u00bb|||\u00bb][et_pb_text _builder_version=\u00bb4.16&#8243; header_font=\u00bb||||||||\u00bb header_3_font=\u00bb||||||||\u00bb header_3_line_height=\u00bb1.2em\u00bb global_colors_info=\u00bb{}\u00bb]<\/p>\n<h1 style=\"text-align: center;\"><span style=\"color: #9b1b30;\">Qu\u00e9 hacer<\/span><\/h1>\n<h3 style=\"text-align: center;\">El Concejo de Quir\u00f3s ofrece la posibilidad de realizar numerosas actividades relacionadas con la naturaleza.<\/h3>\n<h3 style=\"text-align: center;\">Son m\u00faltiples las rutas de senderismo que se pueden recorrer en el valle, siendo \u00e9stas las m\u00e1s conocidas:<\/h3>\n<p>[\/et_pb_text][\/et_pb_column][\/et_pb_row][et_pb_row column_structure=\u00bb1_4,3_4&#8243; make_equal=\u00bbon\u00bb _builder_version=\u00bb4.16&#8243; background_size=\u00bbinitial\u00bb background_position=\u00bbtop_left\u00bb background_repeat=\u00bbrepeat\u00bb global_colors_info=\u00bb{}\u00bb][et_pb_column type=\u00bb1_4&#8243; module_class=\u00bbds-vertical-align\u00bb _builder_version=\u00bb4.16&#8243; custom_padding=\u00bb|||\u00bb global_colors_info=\u00bb{}\u00bb custom_padding__hover=\u00bb|||\u00bb][et_pb_image src=\u00bbhttps:\/\/www.elmiradordesantrocaya.es\/casa-rural-asturias\/wp-content\/uploads\/2018\/09\/la-senda-del-oso-casa-rural-santrocaya.jpg\u00bb align=\u00bbcenter\u00bb align_tablet=\u00bbcenter\u00bb align_phone=\u00bbcenter\u00bb align_last_edited=\u00bbon|desktop\u00bb _builder_version=\u00bb4.16&#8243; global_colors_info=\u00bb{}\u00bb][\/et_pb_image][\/et_pb_column][et_pb_column type=\u00bb3_4&#8243; module_class=\u00bbds-vertical-align\u00bb _builder_version=\u00bb4.16&#8243; custom_padding=\u00bb|||\u00bb global_colors_info=\u00bb{}\u00bb custom_padding__hover=\u00bb|||\u00bb][et_pb_text _builder_version=\u00bb4.16&#8243; header_font=\u00bb||||||||\u00bb header_3_font=\u00bb||||||||\u00bb header_3_line_height=\u00bb1.2em\u00bb global_colors_info=\u00bb{}\u00bb]<\/p>\n<h2 style=\"text-align: center;\"><strong>La Senda del Oso<\/strong><\/h2>\n<h3 style=\"text-align: center;\">Pista de 30 kil\u00f3metros que discurre por el antiguo recorrido del tren minero. Consta de dos tramos: el primero se inicia en el Concejo de Quir\u00f3s y el segundo en el Concejo de Teverga. Ambos confluyen en Caranga de Abajo, y finalizan en Trubia. Es una senda f\u00e1cil de hacer, con poco desnivel, perfecta para hacerla con ni\u00f1os. Ideal tambi\u00e9n para recorrerla en bici.<\/h3>\n<p>[\/et_pb_text][\/et_pb_column][\/et_pb_row][et_pb_row _builder_version=\u00bb4.16&#8243; background_size=\u00bbinitial\u00bb background_position=\u00bbtop_left\u00bb background_repeat=\u00bbrepeat\u00bb global_colors_info=\u00bb{}\u00bb][et_pb_column type=\u00bb4_4&#8243; _builder_version=\u00bb4.16&#8243; custom_padding=\u00bb|||\u00bb global_colors_info=\u00bb{}\u00bb custom_padding__hover=\u00bb|||\u00bb][et_pb_text _builder_version=\u00bb4.16&#8243; header_font=\u00bb||||||||\u00bb header_3_font=\u00bb||||||||\u00bb header_3_line_height=\u00bb1.2em\u00bb global_colors_info=\u00bb{}\u00bb]<\/p>\n<h2 style=\"text-align: center;\"><strong>El Desfiladero de Las Xanas<\/strong><\/h2>\n<h3 style=\"text-align: center;\">Ruta muy popular que discurre por el antiguo trazado de una carretera no concluida que fue iniciada a principios del siglo pasado. Recorrido f\u00e1cil, con algo de desnivel. Apto para hacerla con ni\u00f1os, pero bajo vigilancia, especialmente en la parte del desfiladero.<\/h3>\n<p>[\/et_pb_text][\/et_pb_column][\/et_pb_row][et_pb_row column_structure=\u00bb3_4,1_4&#8243; make_equal=\u00bbon\u00bb _builder_version=\u00bb4.16&#8243; background_size=\u00bbinitial\u00bb background_position=\u00bbtop_left\u00bb background_repeat=\u00bbrepeat\u00bb global_colors_info=\u00bb{}\u00bb][et_pb_column type=\u00bb3_4&#8243; module_class=\u00bbds-vertical-align\u00bb _builder_version=\u00bb4.16&#8243; custom_padding=\u00bb|||\u00bb global_colors_info=\u00bb{}\u00bb custom_padding__hover=\u00bb|||\u00bb][et_pb_text _builder_version=\u00bb4.16&#8243; header_font=\u00bb||||||||\u00bb header_3_font=\u00bb||||||||\u00bb header_3_line_height=\u00bb1.2em\u00bb global_colors_info=\u00bb{}\u00bb]<\/p>\n<h2 style=\"text-align: center;\"><strong>El Camino Real de La Mesa<\/strong><\/h2>\n<h3 style=\"text-align: center;\">Algo m\u00e1s alejada, la ruta discurre por parte del trazado del camino que en tiempos romanos un\u00eda las monta\u00f1as astures con la Meseta.<\/h3>\n<p>[\/et_pb_text][\/et_pb_column][et_pb_column type=\u00bb1_4&#8243; module_class=\u00bbds-vertical-align\u00bb _builder_version=\u00bb4.16&#8243; custom_padding=\u00bb|||\u00bb global_colors_info=\u00bb{}\u00bb custom_padding__hover=\u00bb|||\u00bb][et_pb_image src=\u00bbhttps:\/\/www.elmiradordesantrocaya.es\/casa-rural-asturias\/wp-content\/uploads\/2018\/09\/parque-natural-las-ubinas-casa-rural-asturias.jpg\u00bb align=\u00bbcenter\u00bb align_tablet=\u00bbcenter\u00bb align_phone=\u00bbcenter\u00bb align_last_edited=\u00bbon|desktop\u00bb _builder_version=\u00bb4.16&#8243; global_colors_info=\u00bb{}\u00bb][\/et_pb_image][\/et_pb_column][\/et_pb_row][et_pb_row _builder_version=\u00bb4.16&#8243; background_size=\u00bbinitial\u00bb background_position=\u00bbtop_left\u00bb background_repeat=\u00bbrepeat\u00bb global_colors_info=\u00bb{}\u00bb][et_pb_column type=\u00bb4_4&#8243; _builder_version=\u00bb4.16&#8243; custom_padding=\u00bb|||\u00bb global_colors_info=\u00bb{}\u00bb custom_padding__hover=\u00bb|||\u00bb][et_pb_text _builder_version=\u00bb4.27.4&#8243; header_font=\u00bb||||||||\u00bb header_3_font=\u00bb||||||||\u00bb header_3_line_height=\u00bb1.2em\u00bb hover_enabled=\u00bb0&#8243; global_colors_info=\u00bb{}\u00bb sticky_enabled=\u00bb0&#8243;]<\/p>\n<h3 style=\"text-align: center;\">El Valle de Quir\u00f3s es igualmente id\u00f3neo para los amantes de la bici. Si no llevas la tuya propia hay diversas empresas donde se pueden alquilar y que ofrecen todas las coberturas necesarias<span>, incluyendo servicios de transporte y recogida en diversos puntos de la Senda del Oso<\/span>.<span> <\/span><\/h3>\n<h3 style=\"text-align: center;\"><span>Asimismo, existen empresas que ofrecen otras<\/span>\u00a0actividades como barranquismo, espeleolog\u00eda o alquiler de canoas para el Embalse de Valdemurio<\/h3>\n<h3 style=\"text-align: center;\"><span>El Valle de Quir\u00f3s <\/span><span>ofrece una magn\u00edfica oportunidad para poder visualizar <\/span> plantas <span>(fundamentalmente hayas, robles, casta\u00f1os, acebo, etc.) as\u00ed como para poder realizar <\/span><span>actividades de avistamiento de aves (<\/span>birdwatching<span>), tales como el \u00e1guila, el uroga<\/span><span>llo, el alimoche o el buitre<\/span>.<\/h3>\n<p>[\/et_pb_text][\/et_pb_column][\/et_pb_row][\/et_pb_section][et_pb_section fb_built=\u00bb1&#8243; prev_background_color=\u00bb#eeeeee\u00bb _builder_version=\u00bb4.16&#8243; background_color=\u00bbrgba(155,27,48,0.15)\u00bb custom_padding=\u00bb120px|||\u00bb top_divider_style=\u00bbwave2&#8243; global_colors_info=\u00bb{}\u00bb][et_pb_row _builder_version=\u00bb4.16&#8243; global_colors_info=\u00bb{}\u00bb][et_pb_column type=\u00bb4_4&#8243; _builder_version=\u00bb4.16&#8243; custom_padding=\u00bb|||\u00bb global_colors_info=\u00bb{}\u00bb custom_padding__hover=\u00bb|||\u00bb][et_pb_text _builder_version=\u00bb4.27.4&#8243; global_colors_info=\u00bb{}\u00bb]<\/p>\n<h2 style=\"text-align: center;\">Tu casa rural en puro para\u00edso asturiano con un mont\u00f3n de posibilidades<\/h2>\n<p>[\/et_pb_text][\/et_pb_column][\/et_pb_row][\/et_pb_section]<\/p>\n","protected":false},"excerpt":{"rendered":"<p>Qu\u00e9 hacer El Concejo de Quir\u00f3s ofrece la posibilidad de realizar numerosas actividades relacionadas con la naturaleza. Son m\u00faltiples las rutas de senderismo que se pueden recorrer en el valle, siendo \u00e9stas las m\u00e1s conocidas: La Senda del Oso Pista de 30 kil\u00f3metros que discurre por el antiguo recorrido del tren minero. Consta de dos [&hellip;]<\/p>\n","protected":false},"author":1,"featured_media":0,"parent":0,"menu_order":0,"comment_status":"closed","ping_status":"closed","template":"","meta":{"_et_pb_use_builder":"on","_et_pb_old_content":"","_et_gb_content_width":"","footnotes":""},"class_list":["post-13","page","type-page","status-publish","hentry"],"_links":{"self":[{"href":"https:\/\/www.elmiradordesantrocaya.es\/casa-rural-asturias\/wp-json\/wp\/v2\/pages\/13","targetHints":{"allow":["GET"]}}],"collection":[{"href":"https:\/\/www.elmiradordesantrocaya.es\/casa-rural-asturias\/wp-json\/wp\/v2\/pages"}],"about":[{"href":"https:\/\/www.elmiradordesantrocaya.es\/casa-rural-asturias\/wp-json\/wp\/v2\/types\/page"}],"author":[{"embeddable":true,"href":"https:\/\/www.elmiradordesantrocaya.es\/casa-rural-asturias\/wp-json\/wp\/v2\/users\/1"}],"replies":[{"embeddable":true,"href":"https:\/\/www.elmiradordesantrocaya.es\/casa-rural-asturias\/wp-json\/wp\/v2\/comments?post=13"}],"version-history":[{"count":49,"href":"https:\/\/www.elmiradordesantrocaya.es\/casa-rural-asturias\/wp-json\/wp\/v2\/pages\/13\/revisions"}],"predecessor-version":[{"id":1714,"href":"https:\/\/www.elmiradordesantrocaya.es\/casa-rural-asturias\/wp-json\/wp\/v2\/pages\/13\/revisions\/1714"}],"wp:attachment":[{"href":"https:\/\/www.elmiradordesantrocaya.es\/casa-rural-asturias\/wp-json\/wp\/v2\/media?parent=13"}],"curies":[{"name":"wp","href":"https:\/\/api.w.org\/{rel}","templated":true}]}}