{"id":12,"date":"2018-07-16T12:37:46","date_gmt":"2018-07-16T12:37:46","guid":{"rendered":"https:\/\/www.elmiradordesantrocaya.es\/casa-rural-asturias\/?page_id=12"},"modified":"2025-09-23T14:58:45","modified_gmt":"2025-09-23T14:58:45","slug":"que-ver-casa-rural-asturias","status":"publish","type":"page","link":"https:\/\/www.elmiradordesantrocaya.es\/casa-rural-asturias\/que-ver-casa-rural-asturias\/","title":{"rendered":"Qu\u00e9 ver"},"content":{"rendered":"<p>[et_pb_section fb_built=\u00bb1&#8243; fullwidth=\u00bbon\u00bb _builder_version=\u00bb4.16&#8243; background_image=\u00bbhttps:\/\/www.elmiradordesantrocaya.es\/casa-rural-asturias\/wp-content\/uploads\/2018\/08\/que-ver-entorno-asturias-casa-rural.jpg\u00bb parallax=\u00bbon\u00bb parallax_method=\u00bboff\u00bb global_colors_info=\u00bb{}\u00bb][et_pb_fullwidth_header header_fullscreen=\u00bbon\u00bb _builder_version=\u00bb4.16&#8243; title_font=\u00bb|300|||||||\u00bb title_font_size=\u00bb40px\u00bb subhead_font_size=\u00bb17px\u00bb background_color=\u00bbrgba(0,0,0,0.25)\u00bb background_size=\u00bbinitial\u00bb background_position=\u00bbtop_left\u00bb background_repeat=\u00bbrepeat\u00bb custom_css_title=\u00bbpadding:50px 0px 5px 0px;\u00bb global_colors_info=\u00bb{}\u00bb button_one_text_size__hover_enabled=\u00bboff\u00bb button_two_text_size__hover_enabled=\u00bboff\u00bb button_one_text_color__hover_enabled=\u00bboff\u00bb button_two_text_color__hover_enabled=\u00bboff\u00bb button_one_border_width__hover_enabled=\u00bboff\u00bb button_two_border_width__hover_enabled=\u00bboff\u00bb button_one_border_color__hover_enabled=\u00bboff\u00bb button_two_border_color__hover_enabled=\u00bboff\u00bb button_one_border_radius__hover_enabled=\u00bboff\u00bb button_two_border_radius__hover_enabled=\u00bboff\u00bb button_one_letter_spacing__hover_enabled=\u00bboff\u00bb button_two_letter_spacing__hover_enabled=\u00bboff\u00bb button_one_bg_color__hover_enabled=\u00bboff\u00bb button_two_bg_color__hover_enabled=\u00bboff\u00bb]&nbsp;<br \/>\n[\/et_pb_fullwidth_header][\/et_pb_section][et_pb_section fb_built=\u00bb1&#8243; _builder_version=\u00bb4.16&#8243; background_color=\u00bb#eeeeee\u00bb global_colors_info=\u00bb{}\u00bb][et_pb_row _builder_version=\u00bb4.16&#8243; background_size=\u00bbinitial\u00bb background_position=\u00bbtop_left\u00bb background_repeat=\u00bbrepeat\u00bb global_colors_info=\u00bb{}\u00bb][et_pb_column type=\u00bb4_4&#8243; _builder_version=\u00bb4.16&#8243; custom_padding=\u00bb|||\u00bb global_colors_info=\u00bb{}\u00bb custom_padding__hover=\u00bb|||\u00bb][et_pb_text _builder_version=\u00bb4.16&#8243; header_font=\u00bb||||||||\u00bb header_font_size=\u00bb36px\u00bb header_3_font=\u00bb||||||||\u00bb header_3_line_height=\u00bb1.2em\u00bb global_colors_info=\u00bb{}\u00bb]<\/p>\n<h1 style=\"text-align: center;\"><span style=\"color: #9b1b30;\">Qu\u00e9 ver<\/span><\/h1>\n<h3 style=\"text-align: center;\">El Concejo de Quir\u00f3s, cuenta con una atractiva oferta tur\u00edstica para el visitante.<\/h3>\n<p>[\/et_pb_text][\/et_pb_column][\/et_pb_row][\/et_pb_section][et_pb_section fb_built=\u00bb1&#8243; prev_background_color=\u00bb#eeeeee\u00bb next_background_color=\u00bb#eeeeee\u00bb _builder_version=\u00bb4.16&#8243; background_color=\u00bbrgba(155,0,38,0.15)\u00bb custom_padding=\u00bb120px||120px|\u00bb top_divider_style=\u00bbwave2&#8243; bottom_divider_style=\u00bbwave2&#8243; global_colors_info=\u00bb{}\u00bb][et_pb_row make_equal=\u00bbon\u00bb _builder_version=\u00bb4.16&#8243; background_size=\u00bbinitial\u00bb background_position=\u00bbtop_left\u00bb background_repeat=\u00bbrepeat\u00bb global_colors_info=\u00bb{}\u00bb column_structure=\u00bb1_3,2_3&#8243;][et_pb_column type=\u00bb1_3&#8243; module_class=\u00bbds-vertical-align\u00bb _builder_version=\u00bb4.16&#8243; custom_padding=\u00bb|||\u00bb global_colors_info=\u00bb{}\u00bb custom_padding__hover=\u00bb|||\u00bb][et_pb_image src=\u00bbhttps:\/\/www.elmiradordesantrocaya.es\/casa-rural-asturias\/wp-content\/uploads\/2018\/08\/casa-rural-asturias-centro-Arrojo.jpg\u00bb show_in_lightbox=\u00bbon\u00bb use_overlay=\u00bbon\u00bb overlay_icon_color=\u00bb#ffffff\u00bb hover_overlay_color=\u00bbrgba(155,27,48,0.5)\u00bb hover_icon=\u00bb&#xe042;||divi||400&#8243; align=\u00bbcenter\u00bb align_tablet=\u00bbcenter\u00bb align_last_edited=\u00bbon|desktop\u00bb _builder_version=\u00bb4.16&#8243; global_colors_info=\u00bb{}\u00bb align_phone=\u00bbcenter\u00bb]&nbsp;<br \/>\n[\/et_pb_image][\/et_pb_column][et_pb_column type=\u00bb2_3&#8243; module_class=\u00bbds-vertical-align\u00bb _builder_version=\u00bb4.16&#8243; custom_padding=\u00bb|||\u00bb global_colors_info=\u00bb{}\u00bb custom_padding__hover=\u00bb|||\u00bb][et_pb_text _builder_version=\u00bb4.16&#8243; global_colors_info=\u00bb{}\u00bb]<\/p>\n<h2>A escasos kil\u00f3metros de <strong>El Mirador de Santrocaya<\/strong> se encuentra <strong>San Pedro de Arrojo<\/strong>, <strong>iglesia<\/strong> de origen rom\u00e1nico fechada en el <strong>siglo XIII<\/strong>.<\/h2>\n<p>[\/et_pb_text][\/et_pb_column][\/et_pb_row][\/et_pb_section][et_pb_section fb_built=\u00bb1&#8243; _builder_version=\u00bb4.16&#8243; background_color=\u00bb#eeeeee\u00bb custom_padding=\u00bb20px||20px|\u00bb global_colors_info=\u00bb{}\u00bb][et_pb_row make_equal=\u00bbon\u00bb _builder_version=\u00bb4.16&#8243; background_size=\u00bbinitial\u00bb background_position=\u00bbtop_left\u00bb background_repeat=\u00bbrepeat\u00bb global_colors_info=\u00bb{}\u00bb column_structure=\u00bb2_3,1_3&#8243;][et_pb_column type=\u00bb2_3&#8243; module_class=\u00bbds-vertical-align\u00bb _builder_version=\u00bb4.16&#8243; custom_padding=\u00bb|||\u00bb global_colors_info=\u00bb{}\u00bb custom_padding__hover=\u00bb|||\u00bb][et_pb_text _builder_version=\u00bb4.16&#8243; global_colors_info=\u00bb{}\u00bb]<\/p>\n<h2>Merece la pena desviarse de la carretera principal y visitar <strong>Bermiego<\/strong>, un museo vivo, con un <strong>rico patrimonio etnogr\u00e1fico<\/strong>, pues cuenta con <strong>32 h\u00f3rreos y paneras<\/strong>, siendo destacable la profusa decoraci\u00f3n de algunos de ellos. A las afueras de <strong>Bermiego<\/strong> se encuentra el <strong>Tejo Milenario<\/strong>, con sus <strong>15 metros de envergadura<\/strong>, un magn\u00edfico ejemplar de dicha especie que es considerado el <strong>m\u00e1s antiguo de Europa<\/strong>.<\/h2>\n<p>[\/et_pb_text][\/et_pb_column][et_pb_column type=\u00bb1_3&#8243; module_class=\u00bbds-vertical-align\u00bb _builder_version=\u00bb4.16&#8243; custom_padding=\u00bb|||\u00bb global_colors_info=\u00bb{}\u00bb custom_padding__hover=\u00bb|||\u00bb][et_pb_image src=\u00bbhttps:\/\/www.elmiradordesantrocaya.es\/casa-rural-asturias\/wp-content\/uploads\/2018\/08\/casa-rural-asturias-centro-Bermiego2.jpg\u00bb show_in_lightbox=\u00bbon\u00bb use_overlay=\u00bbon\u00bb overlay_icon_color=\u00bb#ffffff\u00bb hover_overlay_color=\u00bbrgba(155,27,48,0.5)\u00bb hover_icon=\u00bb&#xe042;||divi||400&#8243; align=\u00bbcenter\u00bb align_tablet=\u00bbcenter\u00bb align_last_edited=\u00bbon|desktop\u00bb _builder_version=\u00bb4.16&#8243; global_colors_info=\u00bb{}\u00bb align_phone=\u00bbcenter\u00bb]&nbsp;<br \/>\n[\/et_pb_image][\/et_pb_column][\/et_pb_row][\/et_pb_section][et_pb_section fb_built=\u00bb1&#8243; prev_background_color=\u00bb#eeeeee\u00bb next_background_color=\u00bb#eeeeee\u00bb _builder_version=\u00bb4.16&#8243; background_color=\u00bbrgba(155,27,48,0.15)\u00bb custom_padding=\u00bb120px||120px|\u00bb top_divider_style=\u00bbwave2&#8243; bottom_divider_style=\u00bbwave2&#8243; global_colors_info=\u00bb{}\u00bb][et_pb_row make_equal=\u00bbon\u00bb _builder_version=\u00bb4.16&#8243; background_size=\u00bbinitial\u00bb background_position=\u00bbtop_left\u00bb background_repeat=\u00bbrepeat\u00bb global_colors_info=\u00bb{}\u00bb][et_pb_column type=\u00bb4_4&#8243; module_class=\u00bbds-vertical-align\u00bb _builder_version=\u00bb4.16&#8243; custom_padding=\u00bb|||\u00bb global_colors_info=\u00bb{}\u00bb custom_padding__hover=\u00bb|||\u00bb][et_pb_text _builder_version=\u00bb4.16&#8243; global_colors_info=\u00bb{}\u00bb]<\/p>\n<h2 style=\"text-align: center;\"><strong>La Capilla de Alba<\/strong>, del <strong>a\u00f1o 1581<\/strong>, a la que se llega tras superar una empinada subida, ofrece una <strong>magn\u00edfica vista del valle de Quir\u00f3s<\/strong> y a la que los quirosanos profesan una especial devoci\u00f3n.<\/h2>\n<p>[\/et_pb_text][\/et_pb_column][\/et_pb_row][\/et_pb_section][et_pb_section fb_built=\u00bb1&#8243; _builder_version=\u00bb4.16&#8243; background_color=\u00bb#eeeeee\u00bb custom_padding=\u00bb20px||20px|\u00bb global_colors_info=\u00bb{}\u00bb][et_pb_row make_equal=\u00bbon\u00bb _builder_version=\u00bb4.16&#8243; background_size=\u00bbinitial\u00bb background_position=\u00bbtop_left\u00bb background_repeat=\u00bbrepeat\u00bb global_colors_info=\u00bb{}\u00bb column_structure=\u00bb1_2,1_4,1_4&#8243;][et_pb_column type=\u00bb1_2&#8243; module_class=\u00bbds-vertical-align\u00bb _builder_version=\u00bb4.16&#8243; custom_padding=\u00bb|||\u00bb global_colors_info=\u00bb{}\u00bb custom_padding__hover=\u00bb|||\u00bb][et_pb_text _builder_version=\u00bb4.16&#8243; global_colors_info=\u00bb{}\u00bb]<\/p>\n<h2>Por \u00faltimo, el <strong>Embalse de Valdemurio<\/strong>, donde podemos realizar diversas <strong>actividades deportivas<\/strong> al aire libre.<\/h2>\n<p>[\/et_pb_text][\/et_pb_column][et_pb_column type=\u00bb1_4&#8243; module_class=\u00bbds-vertical-align\u00bb _builder_version=\u00bb4.16&#8243; custom_padding=\u00bb|||\u00bb global_colors_info=\u00bb{}\u00bb custom_padding__hover=\u00bb|||\u00bb][et_pb_image src=\u00bbhttps:\/\/www.elmiradordesantrocaya.es\/casa-rural-asturias\/wp-content\/uploads\/2018\/08\/casa-rural-asturias-centro-EmbalseValdemurio6.jpg\u00bb show_in_lightbox=\u00bbon\u00bb use_overlay=\u00bbon\u00bb overlay_icon_color=\u00bb#ffffff\u00bb hover_overlay_color=\u00bbrgba(155,27,48,0.5)\u00bb hover_icon=\u00bb&#xe042;||divi||400&#8243; align=\u00bbcenter\u00bb align_tablet=\u00bbcenter\u00bb align_last_edited=\u00bbon|desktop\u00bb _builder_version=\u00bb4.16&#8243; global_colors_info=\u00bb{}\u00bb align_phone=\u00bbcenter\u00bb]&nbsp;<br \/>\n[\/et_pb_image][\/et_pb_column][et_pb_column type=\u00bb1_4&#8243; module_class=\u00bbds-vertical-align\u00bb _builder_version=\u00bb4.16&#8243; custom_padding=\u00bb|||\u00bb global_colors_info=\u00bb{}\u00bb custom_padding__hover=\u00bb|||\u00bb][et_pb_image src=\u00bbhttps:\/\/www.elmiradordesantrocaya.es\/casa-rural-asturias\/wp-content\/uploads\/2018\/08\/casa-rural-asturias-centro-EmbalseValdemurio1.jpg\u00bb show_in_lightbox=\u00bbon\u00bb use_overlay=\u00bbon\u00bb overlay_icon_color=\u00bb#ffffff\u00bb hover_overlay_color=\u00bbrgba(155,27,48,0.5)\u00bb hover_icon=\u00bb&#xe042;||divi||400&#8243; align=\u00bbcenter\u00bb align_tablet=\u00bbcenter\u00bb align_last_edited=\u00bbon|desktop\u00bb _builder_version=\u00bb4.16&#8243; global_colors_info=\u00bb{}\u00bb align_phone=\u00bbcenter\u00bb]&nbsp;<br \/>\n[\/et_pb_image][\/et_pb_column][\/et_pb_row][\/et_pb_section][et_pb_section fb_built=\u00bb1&#8243; prev_background_color=\u00bb#eeeeee\u00bb next_background_color=\u00bb#eeeeee\u00bb _builder_version=\u00bb4.16&#8243; background_color=\u00bbrgba(155,27,48,0.15)\u00bb custom_padding=\u00bb120px||120px|\u00bb top_divider_style=\u00bbwave2&#8243; bottom_divider_style=\u00bbwave2&#8243; global_colors_info=\u00bb{}\u00bb][et_pb_row make_equal=\u00bbon\u00bb _builder_version=\u00bb4.16&#8243; background_size=\u00bbinitial\u00bb background_position=\u00bbtop_left\u00bb background_repeat=\u00bbrepeat\u00bb global_colors_info=\u00bb{}\u00bb column_structure=\u00bb1_4,1_4,1_2&#8243;][et_pb_column type=\u00bb1_4&#8243; module_class=\u00bbds-vertical-align\u00bb _builder_version=\u00bb4.16&#8243; custom_padding=\u00bb|||\u00bb global_colors_info=\u00bb{}\u00bb custom_padding__hover=\u00bb|||\u00bb][et_pb_image src=\u00bbhttps:\/\/www.elmiradordesantrocaya.es\/casa-rural-asturias\/wp-content\/uploads\/2018\/08\/casa-rural-asturias-centro-Quiros1.jpg\u00bb show_in_lightbox=\u00bbon\u00bb use_overlay=\u00bbon\u00bb overlay_icon_color=\u00bb#ffffff\u00bb hover_overlay_color=\u00bbrgba(155,27,48,0.5)\u00bb hover_icon=\u00bb&#xe042;||divi||400&#8243; align=\u00bbcenter\u00bb align_tablet=\u00bbcenter\u00bb align_last_edited=\u00bbon|desktop\u00bb _builder_version=\u00bb4.16&#8243; global_colors_info=\u00bb{}\u00bb align_phone=\u00bbcenter\u00bb]&nbsp;<br \/>\n[\/et_pb_image][et_pb_image src=\u00bbhttps:\/\/www.elmiradordesantrocaya.es\/casa-rural-asturias\/wp-content\/uploads\/2018\/08\/casa-rural-asturias-centro-Detalle15.jpg\u00bb show_in_lightbox=\u00bbon\u00bb use_overlay=\u00bbon\u00bb overlay_icon_color=\u00bb#ffffff\u00bb hover_overlay_color=\u00bbrgba(155,27,48,0.5)\u00bb hover_icon=\u00bb&#xe042;||divi||400&#8243; align=\u00bbcenter\u00bb align_tablet=\u00bbcenter\u00bb align_last_edited=\u00bbon|desktop\u00bb _builder_version=\u00bb4.16&#8243; global_colors_info=\u00bb{}\u00bb align_phone=\u00bbcenter\u00bb]&nbsp;<br \/>\n[\/et_pb_image][\/et_pb_column][et_pb_column type=\u00bb1_4&#8243; module_class=\u00bbds-vertical-align\u00bb _builder_version=\u00bb4.16&#8243; custom_padding=\u00bb|||\u00bb global_colors_info=\u00bb{}\u00bb custom_padding__hover=\u00bb|||\u00bb][et_pb_image src=\u00bbhttps:\/\/www.elmiradordesantrocaya.es\/casa-rural-asturias\/wp-content\/uploads\/2018\/09\/proaza-casa-rural-santrocaya.jpg\u00bb show_in_lightbox=\u00bbon\u00bb use_overlay=\u00bbon\u00bb overlay_icon_color=\u00bb#ffffff\u00bb hover_overlay_color=\u00bbrgba(155,27,48,0.5)\u00bb hover_icon=\u00bb&#xe042;||divi||400&#8243; align=\u00bbcenter\u00bb align_tablet=\u00bbcenter\u00bb align_last_edited=\u00bbon|desktop\u00bb _builder_version=\u00bb4.16&#8243; global_colors_info=\u00bb{}\u00bb align_phone=\u00bbcenter\u00bb]&nbsp;<br \/>\n[\/et_pb_image][\/et_pb_column][et_pb_column type=\u00bb1_2&#8243; module_class=\u00bbds-vertical-align\u00bb _builder_version=\u00bb4.16&#8243; custom_padding=\u00bb|||\u00bb global_colors_info=\u00bb{}\u00bb custom_padding__hover=\u00bb|||\u00bb][et_pb_text _builder_version=\u00bb4.16&#8243; global_colors_info=\u00bb{}\u00bb]<\/p>\n<h2>No menos atractivos tur\u00edsticos ofrecen los vecinos Concejos de <strong>Teverga<\/strong> y <strong>Proaza<\/strong>.<br \/>\nAs\u00ed, en <strong>Teverga<\/strong> merecen la pena una visita <strong>El Museo de la Prehistoria<\/strong> y <strong>Cueva Huerta<\/strong>. Por su parte, en <strong>Proaza<\/strong> destaca <strong>Bandujo<\/strong>, declarado <strong>Bien de Inter\u00e9s Cultural<\/strong>, uno de los <strong>pueblos medievales asturianos<\/strong> mejor conservados, al que se accede tras una carretera sinuosa y empinada y donde se puede encontrar ejemplos de <strong>arquitectura militar medieval<\/strong>.<\/h2>\n<p>[\/et_pb_text][\/et_pb_column][\/et_pb_row][\/et_pb_section][et_pb_section fb_built=\u00bb1&#8243; _builder_version=\u00bb4.16&#8243; background_color=\u00bb#eeeeee\u00bb custom_padding=\u00bb20px|||\u00bb global_colors_info=\u00bb{}\u00bb][et_pb_row make_equal=\u00bbon\u00bb _builder_version=\u00bb4.16&#8243; background_size=\u00bbinitial\u00bb background_position=\u00bbtop_left\u00bb background_repeat=\u00bbrepeat\u00bb global_colors_info=\u00bb{}\u00bb column_structure=\u00bb2_3,1_3&#8243;][et_pb_column type=\u00bb2_3&#8243; module_class=\u00bbds-vertical-align\u00bb _builder_version=\u00bb4.16&#8243; custom_padding=\u00bb|||\u00bb global_colors_info=\u00bb{}\u00bb custom_padding__hover=\u00bb|||\u00bb][et_pb_text _builder_version=\u00bb4.16&#8243; global_colors_info=\u00bb{}\u00bb]<\/p>\n<h2>La <strong>ubicaci\u00f3n privilegiada<\/strong> de la que goza <strong>El Mirador de Santrocaya<\/strong> permite llegar a <strong>Oviedo<\/strong> o a <strong>Gij\u00f3n<\/strong> en aproximadamente <strong>una hora en coche<\/strong>.<\/h2>\n<p>[\/et_pb_text][\/et_pb_column][et_pb_column type=\u00bb1_3&#8243; module_class=\u00bbds-vertical-align\u00bb _builder_version=\u00bb4.16&#8243; custom_padding=\u00bb|||\u00bb global_colors_info=\u00bb{}\u00bb custom_padding__hover=\u00bb|||\u00bb][et_pb_image src=\u00bbhttps:\/\/www.elmiradordesantrocaya.es\/casa-rural-asturias\/wp-content\/uploads\/2018\/08\/casa-rural-asturias-centro-Vistas21.jpg\u00bb show_in_lightbox=\u00bbon\u00bb use_overlay=\u00bbon\u00bb overlay_icon_color=\u00bb#ffffff\u00bb hover_overlay_color=\u00bbrgba(155,27,48,0.5)\u00bb hover_icon=\u00bb&#xe042;||divi||400&#8243; align=\u00bbcenter\u00bb align_tablet=\u00bbcenter\u00bb align_last_edited=\u00bbon|desktop\u00bb _builder_version=\u00bb4.16&#8243; global_colors_info=\u00bb{}\u00bb align_phone=\u00bbcenter\u00bb]&nbsp;<br \/>\n[\/et_pb_image][\/et_pb_column][\/et_pb_row][\/et_pb_section]<\/p>\n","protected":false},"excerpt":{"rendered":"<p>&nbsp; Qu\u00e9 ver El Concejo de Quir\u00f3s, cuenta con una atractiva oferta tur\u00edstica para el visitante. &nbsp; A escasos kil\u00f3metros de El Mirador de Santrocaya se encuentra San Pedro de Arrojo, iglesia de origen rom\u00e1nico fechada en el siglo XIII.Merece la pena desviarse de la carretera principal y visitar Bermiego, un museo vivo, con un [&hellip;]<\/p>\n","protected":false},"author":1,"featured_media":0,"parent":0,"menu_order":0,"comment_status":"closed","ping_status":"closed","template":"","meta":{"_et_pb_use_builder":"on","_et_pb_old_content":"","_et_gb_content_width":"","footnotes":""},"class_list":["post-12","page","type-page","status-publish","hentry"],"_links":{"self":[{"href":"https:\/\/www.elmiradordesantrocaya.es\/casa-rural-asturias\/wp-json\/wp\/v2\/pages\/12","targetHints":{"allow":["GET"]}}],"collection":[{"href":"https:\/\/www.elmiradordesantrocaya.es\/casa-rural-asturias\/wp-json\/wp\/v2\/pages"}],"about":[{"href":"https:\/\/www.elmiradordesantrocaya.es\/casa-rural-asturias\/wp-json\/wp\/v2\/types\/page"}],"author":[{"embeddable":true,"href":"https:\/\/www.elmiradordesantrocaya.es\/casa-rural-asturias\/wp-json\/wp\/v2\/users\/1"}],"replies":[{"embeddable":true,"href":"https:\/\/www.elmiradordesantrocaya.es\/casa-rural-asturias\/wp-json\/wp\/v2\/comments?post=12"}],"version-history":[{"count":71,"href":"https:\/\/www.elmiradordesantrocaya.es\/casa-rural-asturias\/wp-json\/wp\/v2\/pages\/12\/revisions"}],"predecessor-version":[{"id":1712,"href":"https:\/\/www.elmiradordesantrocaya.es\/casa-rural-asturias\/wp-json\/wp\/v2\/pages\/12\/revisions\/1712"}],"wp:attachment":[{"href":"https:\/\/www.elmiradordesantrocaya.es\/casa-rural-asturias\/wp-json\/wp\/v2\/media?parent=12"}],"curies":[{"name":"wp","href":"https:\/\/api.w.org\/{rel}","templated":true}]}}