{"id":1036,"date":"2018-08-02T12:31:31","date_gmt":"2018-08-02T12:31:31","guid":{"rendered":"https:\/\/www.elmiradordesantrocaya.es\/casa-rural-asturias\/?page_id=1036"},"modified":"2025-09-23T15:09:01","modified_gmt":"2025-09-23T15:09:01","slug":"como-llegar","status":"publish","type":"page","link":"https:\/\/www.elmiradordesantrocaya.es\/casa-rural-asturias\/como-llegar\/","title":{"rendered":"C\u00f3mo llegar"},"content":{"rendered":"<p>[et_pb_section fb_built=\u00bb1&#8243; fullwidth=\u00bbon\u00bb _builder_version=\u00bb4.16&#8243; background_image=\u00bbhttps:\/\/www.elmiradordesantrocaya.es\/casa-rural-asturias\/wp-content\/uploads\/2018\/08\/como-llegar-casa-rural-santrocaya.jpg\u00bb parallax=\u00bbon\u00bb parallax_method=\u00bboff\u00bb global_colors_info=\u00bb{}\u00bb][et_pb_fullwidth_header header_fullscreen=\u00bbon\u00bb _builder_version=\u00bb4.16&#8243; title_font=\u00bb|300|||||||\u00bb title_font_size=\u00bb40px\u00bb subhead_font_size=\u00bb17px\u00bb background_color=\u00bbrgba(0,0,0,0.25)\u00bb background_size=\u00bbinitial\u00bb background_position=\u00bbtop_left\u00bb background_repeat=\u00bbrepeat\u00bb custom_css_title=\u00bbpadding:50px 0px 5px 0px;\u00bb global_colors_info=\u00bb{}\u00bb button_one_text_size__hover_enabled=\u00bboff\u00bb button_two_text_size__hover_enabled=\u00bboff\u00bb button_one_text_color__hover_enabled=\u00bboff\u00bb button_two_text_color__hover_enabled=\u00bboff\u00bb button_one_border_width__hover_enabled=\u00bboff\u00bb button_two_border_width__hover_enabled=\u00bboff\u00bb button_one_border_color__hover_enabled=\u00bboff\u00bb button_two_border_color__hover_enabled=\u00bboff\u00bb button_one_border_radius__hover_enabled=\u00bboff\u00bb button_two_border_radius__hover_enabled=\u00bboff\u00bb button_one_letter_spacing__hover_enabled=\u00bboff\u00bb button_two_letter_spacing__hover_enabled=\u00bboff\u00bb button_one_bg_color__hover_enabled=\u00bboff\u00bb button_two_bg_color__hover_enabled=\u00bboff\u00bb]&nbsp;<br \/>\n[\/et_pb_fullwidth_header][\/et_pb_section][et_pb_section fb_built=\u00bb1&#8243; _builder_version=\u00bb4.16&#8243; background_color=\u00bb#eeeeee\u00bb global_colors_info=\u00bb{}\u00bb][et_pb_row _builder_version=\u00bb4.16&#8243; background_size=\u00bbinitial\u00bb background_position=\u00bbtop_left\u00bb background_repeat=\u00bbrepeat\u00bb global_colors_info=\u00bb{}\u00bb][et_pb_column type=\u00bb4_4&#8243; _builder_version=\u00bb4.16&#8243; custom_padding=\u00bb|||\u00bb global_colors_info=\u00bb{}\u00bb custom_padding__hover=\u00bb|||\u00bb][et_pb_text _builder_version=\u00bb4.16&#8243; header_font=\u00bb||||||||\u00bb header_3_font=\u00bb||||||||\u00bb header_3_line_height=\u00bb1.2em\u00bb global_colors_info=\u00bb{}\u00bb]<\/p>\n<h1 style=\"text-align: center;\"><span style=\"color: #9b1b30;\">C\u00f3mo llegar<\/span><\/h1>\n<p>[\/et_pb_text][et_pb_text _builder_version=\u00bb4.16&#8243; header_font=\u00bb||||||||\u00bb header_3_font=\u00bb||||||||\u00bb header_3_line_height=\u00bb1.2em\u00bb global_colors_info=\u00bb{}\u00bb]<\/p>\n<h2 style=\"text-align: center;\"><strong>Desde Oviedo, costa asturiana, Galicia, Cantabria y Pa\u00eds Vasco.<\/strong><\/h2>\n<h3 style=\"text-align: center;\">Tomar la autopista A-63 y coger la salida 9 direcci\u00f3n Trubia. Coger la AS 228 direcci\u00f3n Proaza y seguir las indicaciones hacia B\u00e1rzana. En B\u00e1rzana coger el desv\u00edo hacia la QU-1 direcci\u00f3n Villamarcel.<\/h3>\n<p>[\/et_pb_text][et_pb_text _builder_version=\u00bb4.16&#8243; header_font=\u00bb||||||||\u00bb header_3_font=\u00bb||||||||\u00bb header_3_line_height=\u00bb1.2em\u00bb global_colors_info=\u00bb{}\u00bb]<\/p>\n<h2 style=\"text-align: center;\"><strong>Desde Madrid, Castilla-Le\u00f3n y resto de Espa\u00f1a.<\/strong><\/h2>\n<h3 style=\"text-align: center;\">Tomar la A-66 y coger la salida 59 en direcci\u00f3n Pola de Lena. Coger la AS-230 con direcci\u00f3n B\u00e1rzana y seguir las indicaciones hacia B\u00e1rzana. Una vez pasado el Puerto de la Cobertoria, en B\u00e1rzana coger el desv\u00edo hacia la QU-1 direcci\u00f3n Villamarcel.<\/h3>\n<p>[\/et_pb_text][et_pb_text _builder_version=\u00bb4.27.4&#8243; text_orientation=\u00bbcenter\u00bb hover_enabled=\u00bb0&#8243; global_colors_info=\u00bb{}\u00bb sticky_enabled=\u00bb0&#8243;]<\/p>\n<h3><\/h3>\n<h3><strong>\u00a1<span>Atenci\u00f3n<\/span>!: <span>Una v<\/span><span>ez en Villamarcel, <\/span>NO <span>hay que seguir<\/span> las indicaciones autom\u00e1ticas de Google Maps <span>pues conducen <\/span> a un camino cortado.<span> Hay que seguir las indicaciones que se les facilite una vez hecha la reserva.<\/span><\/strong><\/h3>\n<p>[\/et_pb_text][\/et_pb_column][\/et_pb_row][\/et_pb_section][et_pb_section fb_built=\u00bb1&#8243; prev_background_color=\u00bb#eeeeee\u00bb _builder_version=\u00bb4.16&#8243; custom_padding=\u00bb0px||0px|\u00bb top_divider_style=\u00bbwave2&#8243; top_divider_height=\u00bb35px\u00bb top_divider_arrangement=\u00bbabove_content\u00bb global_colors_info=\u00bb{}\u00bb][et_pb_row use_custom_gutter=\u00bbon\u00bb gutter_width=\u00bb1&#8243; module_class=\u00bb et_pb_row_fullwidth\u00bb _builder_version=\u00bb4.16&#8243; width=\u00bb100%\u00bb width_tablet=\u00bb100%\u00bb width_phone=\u00bb100%\u00bb width_last_edited=\u00bbon|desktop\u00bb max_width=\u00bb100%\u00bb max_width_tablet=\u00bb100%\u00bb max_width_phone=\u00bb100%\u00bb max_width_last_edited=\u00bbon|desktop\u00bb custom_padding=\u00bb0px||0px|\u00bb make_fullwidth=\u00bbon\u00bb global_colors_info=\u00bb{}\u00bb][et_pb_column type=\u00bb4_4&#8243; _builder_version=\u00bb4.16&#8243; custom_padding=\u00bb|||\u00bb global_colors_info=\u00bb{}\u00bb custom_padding__hover=\u00bb|||\u00bb][et_pb_code _builder_version=\u00bb4.27.4&#8243; _module_preset=\u00bbdefault\u00bb global_colors_info=\u00bb{}\u00bb]<iframe src=\"https:\/\/www.google.com\/maps\/embed?pb=!1m18!1m12!1m3!1d2911.0892458769513!2d-5.973558623441948!3d43.144655185172816!2m3!1f0!2f0!3f0!3m2!1i1024!2i768!4f13.1!3m3!1m2!1s0xd36e5512c4a99df%3A0x3314f9a68ca202f0!2sCasa%20rural%20Asturias%20Mirador%20de%20Santrocaya!5e0!3m2!1ses!2ses!4v1741770877423!5m2!1ses!2ses\" width=\"100%\" height=\"400\" style=\"border:0;\" allowfullscreen=\"\" loading=\"lazy\" referrerpolicy=\"no-referrer-when-downgrade\"><\/iframe>[\/et_pb_code][\/et_pb_column][\/et_pb_row][\/et_pb_section]<\/p>\n","protected":false},"excerpt":{"rendered":"<p>&nbsp; C\u00f3mo llegar Desde Oviedo, costa asturiana, Galicia, Cantabria y Pa\u00eds Vasco. Tomar la autopista A-63 y coger la salida 9 direcci\u00f3n Trubia. Coger la AS 228 direcci\u00f3n Proaza y seguir las indicaciones hacia B\u00e1rzana. En B\u00e1rzana coger el desv\u00edo hacia la QU-1 direcci\u00f3n Villamarcel. Desde Madrid, Castilla-Le\u00f3n y resto de Espa\u00f1a. Tomar la A-66 [&hellip;]<\/p>\n","protected":false},"author":1,"featured_media":0,"parent":0,"menu_order":0,"comment_status":"closed","ping_status":"closed","template":"","meta":{"_et_pb_use_builder":"on","_et_pb_old_content":"","_et_gb_content_width":"","footnotes":""},"class_list":["post-1036","page","type-page","status-publish","hentry"],"_links":{"self":[{"href":"https:\/\/www.elmiradordesantrocaya.es\/casa-rural-asturias\/wp-json\/wp\/v2\/pages\/1036","targetHints":{"allow":["GET"]}}],"collection":[{"href":"https:\/\/www.elmiradordesantrocaya.es\/casa-rural-asturias\/wp-json\/wp\/v2\/pages"}],"about":[{"href":"https:\/\/www.elmiradordesantrocaya.es\/casa-rural-asturias\/wp-json\/wp\/v2\/types\/page"}],"author":[{"embeddable":true,"href":"https:\/\/www.elmiradordesantrocaya.es\/casa-rural-asturias\/wp-json\/wp\/v2\/users\/1"}],"replies":[{"embeddable":true,"href":"https:\/\/www.elmiradordesantrocaya.es\/casa-rural-asturias\/wp-json\/wp\/v2\/comments?post=1036"}],"version-history":[{"count":26,"href":"https:\/\/www.elmiradordesantrocaya.es\/casa-rural-asturias\/wp-json\/wp\/v2\/pages\/1036\/revisions"}],"predecessor-version":[{"id":1717,"href":"https:\/\/www.elmiradordesantrocaya.es\/casa-rural-asturias\/wp-json\/wp\/v2\/pages\/1036\/revisions\/1717"}],"wp:attachment":[{"href":"https:\/\/www.elmiradordesantrocaya.es\/casa-rural-asturias\/wp-json\/wp\/v2\/media?parent=1036"}],"curies":[{"name":"wp","href":"https:\/\/api.w.org\/{rel}","templated":true}]}}